{"id":356,"date":"2026-02-02T10:25:48","date_gmt":"2026-02-02T09:25:48","guid":{"rendered":"https:\/\/atger.pl\/meble\/?page_id=356"},"modified":"2026-02-19T08:21:34","modified_gmt":"2026-02-19T07:21:34","slug":"meble-kontraktowe","status":"publish","type":"page","link":"https:\/\/atger.pl\/meble\/meble-kontraktowe\/","title":{"rendered":"Meble kontraktowe"},"content":{"rendered":"\t\t<div data-elementor-type=\"wp-page\" data-elementor-id=\"356\" class=\"elementor elementor-356\" data-elementor-post-type=\"page\">\n\t\t\t\t<div class=\"elementor-element elementor-element-374fa6c8 e-con-full e-flex e-con e-parent\" data-id=\"374fa6c8\" data-element_type=\"container\" data-e-type=\"container\" data-settings=\"{&quot;background_background&quot;:&quot;classic&quot;}\">\n\t\t<div class=\"elementor-element elementor-element-2dacffec e-con-full e-flex e-con e-child\" data-id=\"2dacffec\" data-element_type=\"container\" data-e-type=\"container\">\n\t\t\t\t<div class=\"elementor-element elementor-element-784c2512 elementor-widget__width-initial elementor-absolute elementor-widget elementor-widget-spacer\" data-id=\"784c2512\" data-element_type=\"widget\" data-e-type=\"widget\" data-settings=\"{&quot;_position&quot;:&quot;absolute&quot;,&quot;motion_fx_motion_fx_scrolling&quot;:&quot;yes&quot;,&quot;motion_fx_blur_effect&quot;:&quot;yes&quot;,&quot;motion_fx_blur_level&quot;:{&quot;unit&quot;:&quot;px&quot;,&quot;size&quot;:170,&quot;sizes&quot;:[]},&quot;motion_fx_blur_range&quot;:{&quot;unit&quot;:&quot;%&quot;,&quot;size&quot;:&quot;&quot;,&quot;sizes&quot;:{&quot;start&quot;:100,&quot;end&quot;:100}},&quot;motion_fx_blur_direction&quot;:&quot;out-in&quot;,&quot;motion_fx_devices&quot;:[&quot;desktop&quot;,&quot;tablet&quot;,&quot;mobile&quot;]}\" data-widget_type=\"spacer.default\">\n\t\t\t\t\t\t\t<div class=\"elementor-spacer\">\n\t\t\t<div class=\"elementor-spacer-inner\"><\/div>\n\t\t<\/div>\n\t\t\t\t\t\t<\/div>\n\t\t\t\t<div class=\"elementor-element elementor-element-47384fe9 animated-slow elementor-invisible elementor-widget elementor-widget-heading\" data-id=\"47384fe9\" data-element_type=\"widget\" data-e-type=\"widget\" data-settings=\"{&quot;_animation&quot;:&quot;fadeInLeft&quot;}\" data-widget_type=\"heading.default\">\n\t\t\t\t\t<h1 class=\"elementor-heading-title elementor-size-default\">Meble kontraktowe Busines&amp;&shy;Contract<\/h1>\t\t\t\t<\/div>\n\t\t\t\t<div class=\"elementor-element elementor-element-36d41c0 elementor-widget elementor-widget-text-editor\" data-id=\"36d41c0\" data-element_type=\"widget\" data-e-type=\"widget\" data-widget_type=\"text-editor.default\">\n\t\t\t\t\t\t\t\t\t<p>Tworzymy eleganckie i funkcjonalne meble, dopasowane do Twojego wn\u0119trza.<\/p>\t\t\t\t\t\t\t\t<\/div>\n\t\t\t\t<div class=\"elementor-element elementor-element-0ce546b elementor-mobile-align-justify elementor-widget elementor-widget-button\" data-id=\"0ce546b\" data-element_type=\"widget\" data-e-type=\"widget\" data-widget_type=\"button.default\">\n\t\t\t\t\t\t\t\t\t\t<a class=\"elementor-button elementor-button-link elementor-size-sm\" href=\"https:\/\/atger.pl\/meble\/kontakt\/\">\n\t\t\t\t\t\t<span class=\"elementor-button-content-wrapper\">\n\t\t\t\t\t\t\t\t\t<span class=\"elementor-button-text\">Zam\u00f3w wycen\u0119<\/span>\n\t\t\t\t\t<\/span>\n\t\t\t\t\t<\/a>\n\t\t\t\t\t\t\t\t<\/div>\n\t\t\t\t<div class=\"elementor-element elementor-element-4bddc07 elementor-grid-3 elementor-grid-tablet-2 elementor-grid-mobile-1 elementor-widget elementor-widget-loop-grid\" data-id=\"4bddc07\" data-element_type=\"widget\" data-e-type=\"widget\" data-settings=\"{&quot;template_id&quot;:&quot;239&quot;,&quot;_skin&quot;:&quot;post&quot;,&quot;columns&quot;:&quot;3&quot;,&quot;columns_tablet&quot;:&quot;2&quot;,&quot;columns_mobile&quot;:&quot;1&quot;,&quot;edit_handle_selector&quot;:&quot;[data-elementor-type=\\&quot;loop-item\\&quot;]&quot;,&quot;row_gap&quot;:{&quot;unit&quot;:&quot;px&quot;,&quot;size&quot;:&quot;&quot;,&quot;sizes&quot;:[]},&quot;row_gap_tablet&quot;:{&quot;unit&quot;:&quot;px&quot;,&quot;size&quot;:&quot;&quot;,&quot;sizes&quot;:[]},&quot;row_gap_mobile&quot;:{&quot;unit&quot;:&quot;px&quot;,&quot;size&quot;:&quot;&quot;,&quot;sizes&quot;:[]}}\" data-widget_type=\"loop-grid.post\">\n\t\t\t\t<div class=\"elementor-widget-container\">\n\t\t\t\t\t\t\t<div class=\"elementor-loop-container elementor-grid\" role=\"list\">\n\t\t<style id=\"loop-239\">.elementor-239 .elementor-element.elementor-element-f4ca378{--display:flex;--background-transition:0.3s;--border-radius:12px 12px 12px 12px;--padding-top:0px;--padding-bottom:20px;--padding-left:0px;--padding-right:0px;}.elementor-239 .elementor-element.elementor-element-f4ca378:not(.elementor-motion-effects-element-type-background), .elementor-239 .elementor-element.elementor-element-f4ca378 > .elementor-motion-effects-container > .elementor-motion-effects-layer{background-color:var( --e-global-color-primary );}.elementor-239 .elementor-element.elementor-element-f4ca378:hover{background-color:var( --e-global-color-secondary );}.elementor-widget-image .widget-image-caption{color:var( --e-global-color-text );font-family:var( --e-global-typography-text-font-family ), Sans-serif;font-size:var( --e-global-typography-text-font-size );font-weight:var( --e-global-typography-text-font-weight );text-transform:var( --e-global-typography-text-text-transform );font-style:var( --e-global-typography-text-font-style );text-decoration:var( --e-global-typography-text-text-decoration );line-height:var( --e-global-typography-text-line-height );letter-spacing:var( --e-global-typography-text-letter-spacing );word-spacing:var( --e-global-typography-text-word-spacing );}.elementor-239 .elementor-element.elementor-element-2002bf0 img{width:100%;height:275px;object-fit:cover;object-position:center center;border-radius:12px 12px 12px 12px;}.elementor-widget-heading .elementor-heading-title{font-family:var( --e-global-typography-primary-font-family ), Sans-serif;font-size:var( --e-global-typography-primary-font-size );font-weight:var( --e-global-typography-primary-font-weight );text-transform:var( --e-global-typography-primary-text-transform );font-style:var( --e-global-typography-primary-font-style );text-decoration:var( --e-global-typography-primary-text-decoration );line-height:var( --e-global-typography-primary-line-height );letter-spacing:var( --e-global-typography-primary-letter-spacing );word-spacing:var( --e-global-typography-primary-word-spacing );color:var( --e-global-color-primary );}.elementor-239 .elementor-element.elementor-element-05f80ca{text-align:center;}.elementor-239 .elementor-element.elementor-element-05f80ca .elementor-heading-title{font-family:var( --e-global-typography-ce3befa-font-family ), Sans-serif;font-size:var( --e-global-typography-ce3befa-font-size );font-weight:var( --e-global-typography-ce3befa-font-weight );text-transform:var( --e-global-typography-ce3befa-text-transform );font-style:var( --e-global-typography-ce3befa-font-style );text-decoration:var( --e-global-typography-ce3befa-text-decoration );line-height:var( --e-global-typography-ce3befa-line-height );letter-spacing:var( --e-global-typography-ce3befa-letter-spacing );word-spacing:var( --e-global-typography-ce3befa-word-spacing );color:var( --e-global-color-accent );}@media(max-width:1024px){.elementor-widget-image .widget-image-caption{font-size:var( --e-global-typography-text-font-size );line-height:var( --e-global-typography-text-line-height );letter-spacing:var( --e-global-typography-text-letter-spacing );word-spacing:var( --e-global-typography-text-word-spacing );}.elementor-widget-heading .elementor-heading-title{font-size:var( --e-global-typography-primary-font-size );line-height:var( --e-global-typography-primary-line-height );letter-spacing:var( --e-global-typography-primary-letter-spacing );word-spacing:var( --e-global-typography-primary-word-spacing );}.elementor-239 .elementor-element.elementor-element-05f80ca .elementor-heading-title{font-size:var( --e-global-typography-ce3befa-font-size );line-height:var( --e-global-typography-ce3befa-line-height );letter-spacing:var( --e-global-typography-ce3befa-letter-spacing );word-spacing:var( --e-global-typography-ce3befa-word-spacing );}}@media(max-width:767px){.elementor-widget-image .widget-image-caption{font-size:var( --e-global-typography-text-font-size );line-height:var( --e-global-typography-text-line-height );letter-spacing:var( --e-global-typography-text-letter-spacing );word-spacing:var( --e-global-typography-text-word-spacing );}.elementor-widget-heading .elementor-heading-title{font-size:var( --e-global-typography-primary-font-size );line-height:var( --e-global-typography-primary-line-height );letter-spacing:var( --e-global-typography-primary-letter-spacing );word-spacing:var( --e-global-typography-primary-word-spacing );}.elementor-239 .elementor-element.elementor-element-05f80ca .elementor-heading-title{font-size:var( --e-global-typography-ce3befa-font-size );line-height:var( --e-global-typography-ce3befa-line-height );letter-spacing:var( --e-global-typography-ce3befa-letter-spacing );word-spacing:var( --e-global-typography-ce3befa-word-spacing );}}<\/style>\t\t<div data-elementor-type=\"loop-item\" data-elementor-id=\"239\" class=\"elementor elementor-239 e-loop-item e-loop-item-557 post-557 page type-page status-publish hentry\" data-elementor-post-type=\"elementor_library\" data-custom-edit-handle=\"1\">\n\t\t\t<a class=\"elementor-element elementor-element-f4ca378 e-flex e-con-boxed e-con e-parent\" data-id=\"f4ca378\" data-element_type=\"container\" data-e-type=\"container\" data-settings=\"{&quot;background_background&quot;:&quot;classic&quot;}\" href=\"https:\/\/atger.pl\/meble\/blog\/\">\n\t\t\t\t\t<div class=\"e-con-inner\">\n\t\t\t\t<div class=\"elementor-element elementor-element-05f80ca elementor-widget elementor-widget-heading\" data-id=\"05f80ca\" data-element_type=\"widget\" data-e-type=\"widget\" data-widget_type=\"heading.default\">\n\t\t\t\t\t<h2 class=\"elementor-heading-title elementor-size-default\">Blog<\/h2>\t\t\t\t<\/div>\n\t\t\t\t\t<\/div>\n\t\t\t\t<\/a>\n\t\t\t\t<\/div>\n\t\t\t\t<div data-elementor-type=\"loop-item\" data-elementor-id=\"239\" class=\"elementor elementor-239 e-loop-item e-loop-item-401 post-401 page type-page status-publish hentry\" data-elementor-post-type=\"elementor_library\" data-custom-edit-handle=\"1\">\n\t\t\t<a class=\"elementor-element elementor-element-f4ca378 e-flex e-con-boxed e-con e-parent\" data-id=\"f4ca378\" data-element_type=\"container\" data-e-type=\"container\" data-settings=\"{&quot;background_background&quot;:&quot;classic&quot;}\" href=\"https:\/\/atger.pl\/meble\/realizacje\/\">\n\t\t\t\t\t<div class=\"e-con-inner\">\n\t\t\t\t<div class=\"elementor-element elementor-element-05f80ca elementor-widget elementor-widget-heading\" data-id=\"05f80ca\" data-element_type=\"widget\" data-e-type=\"widget\" data-widget_type=\"heading.default\">\n\t\t\t\t\t<h2 class=\"elementor-heading-title elementor-size-default\">Realizacje<\/h2>\t\t\t\t<\/div>\n\t\t\t\t\t<\/div>\n\t\t\t\t<\/a>\n\t\t\t\t<\/div>\n\t\t\t\t<div data-elementor-type=\"loop-item\" data-elementor-id=\"239\" class=\"elementor elementor-239 e-loop-item e-loop-item-395 post-395 page type-page status-publish has-post-thumbnail hentry\" data-elementor-post-type=\"elementor_library\" data-custom-edit-handle=\"1\">\n\t\t\t<a class=\"elementor-element elementor-element-f4ca378 e-flex e-con-boxed e-con e-parent\" data-id=\"f4ca378\" data-element_type=\"container\" data-e-type=\"container\" data-settings=\"{&quot;background_background&quot;:&quot;classic&quot;}\" href=\"https:\/\/atger.pl\/meble\/meble-kontraktowe\/inne-obiekty-komercyjne\/\">\n\t\t\t\t\t<div class=\"e-con-inner\">\n\t\t\t\t<div class=\"elementor-element elementor-element-2002bf0 elementor-widget elementor-widget-image\" data-id=\"2002bf0\" data-element_type=\"widget\" data-e-type=\"widget\" data-widget_type=\"image.default\">\n\t\t\t\t\t\t\t\t\t\t\t\t\t\t\t<img fetchpriority=\"high\" decoding=\"async\" width=\"1920\" height=\"1371\" src=\"https:\/\/atger.pl\/meble\/wp-content\/uploads\/2026\/02\/img-13.avif\" class=\"attachment-full size-full wp-image-397\" alt=\"\" srcset=\"https:\/\/atger.pl\/meble\/wp-content\/uploads\/2026\/02\/img-13.avif 1920w, https:\/\/atger.pl\/meble\/wp-content\/uploads\/2026\/02\/img-13-300x214.avif 300w, https:\/\/atger.pl\/meble\/wp-content\/uploads\/2026\/02\/img-13-1024x731.avif 1024w, https:\/\/atger.pl\/meble\/wp-content\/uploads\/2026\/02\/img-13-768x548.avif 768w, https:\/\/atger.pl\/meble\/wp-content\/uploads\/2026\/02\/img-13-1536x1097.avif 1536w\" sizes=\"(max-width: 1920px) 100vw, 1920px\" \/>\t\t\t\t\t\t\t\t\t\t\t\t\t\t\t<\/div>\n\t\t\t\t<div class=\"elementor-element elementor-element-05f80ca elementor-widget elementor-widget-heading\" data-id=\"05f80ca\" data-element_type=\"widget\" data-e-type=\"widget\" data-widget_type=\"heading.default\">\n\t\t\t\t\t<h2 class=\"elementor-heading-title elementor-size-default\">Inne obiekty komercyjne<\/h2>\t\t\t\t<\/div>\n\t\t\t\t\t<\/div>\n\t\t\t\t<\/a>\n\t\t\t\t<\/div>\n\t\t\t\t<div data-elementor-type=\"loop-item\" data-elementor-id=\"239\" class=\"elementor elementor-239 e-loop-item e-loop-item-389 post-389 page type-page status-publish has-post-thumbnail hentry\" data-elementor-post-type=\"elementor_library\" data-custom-edit-handle=\"1\">\n\t\t\t<a class=\"elementor-element elementor-element-f4ca378 e-flex e-con-boxed e-con e-parent\" data-id=\"f4ca378\" data-element_type=\"container\" data-e-type=\"container\" data-settings=\"{&quot;background_background&quot;:&quot;classic&quot;}\" href=\"https:\/\/atger.pl\/meble\/meble-kontraktowe\/sklepy-i-salony-sprzedazy\/\">\n\t\t\t\t\t<div class=\"e-con-inner\">\n\t\t\t\t<div class=\"elementor-element elementor-element-2002bf0 elementor-widget elementor-widget-image\" data-id=\"2002bf0\" data-element_type=\"widget\" data-e-type=\"widget\" data-widget_type=\"image.default\">\n\t\t\t\t\t\t\t\t\t\t\t\t\t\t\t<img decoding=\"async\" width=\"1436\" height=\"1920\" src=\"https:\/\/atger.pl\/meble\/wp-content\/uploads\/2026\/02\/img-11-scaled.avif\" class=\"attachment-full size-full wp-image-390\" alt=\"\" srcset=\"https:\/\/atger.pl\/meble\/wp-content\/uploads\/2026\/02\/img-11-scaled.avif 1436w, https:\/\/atger.pl\/meble\/wp-content\/uploads\/2026\/02\/img-11-224x300.avif 224w, https:\/\/atger.pl\/meble\/wp-content\/uploads\/2026\/02\/img-11-766x1024.avif 766w, https:\/\/atger.pl\/meble\/wp-content\/uploads\/2026\/02\/img-11-768x1027.avif 768w, https:\/\/atger.pl\/meble\/wp-content\/uploads\/2026\/02\/img-11-1149x1536.avif 1149w\" sizes=\"(max-width: 1436px) 100vw, 1436px\" \/>\t\t\t\t\t\t\t\t\t\t\t\t\t\t\t<\/div>\n\t\t\t\t<div class=\"elementor-element elementor-element-05f80ca elementor-widget elementor-widget-heading\" data-id=\"05f80ca\" data-element_type=\"widget\" data-e-type=\"widget\" data-widget_type=\"heading.default\">\n\t\t\t\t\t<h2 class=\"elementor-heading-title elementor-size-default\">Sklepy i salony sprzeda\u017cy<\/h2>\t\t\t\t<\/div>\n\t\t\t\t\t<\/div>\n\t\t\t\t<\/a>\n\t\t\t\t<\/div>\n\t\t\t\t<div data-elementor-type=\"loop-item\" data-elementor-id=\"239\" class=\"elementor elementor-239 e-loop-item e-loop-item-383 post-383 page type-page status-publish has-post-thumbnail hentry\" data-elementor-post-type=\"elementor_library\" data-custom-edit-handle=\"1\">\n\t\t\t<a class=\"elementor-element elementor-element-f4ca378 e-flex e-con-boxed e-con e-parent\" data-id=\"f4ca378\" data-element_type=\"container\" data-e-type=\"container\" data-settings=\"{&quot;background_background&quot;:&quot;classic&quot;}\" href=\"https:\/\/atger.pl\/meble\/meble-kontraktowe\/apteki-i-placowki-medyczne\/\">\n\t\t\t\t\t<div class=\"e-con-inner\">\n\t\t\t\t<div class=\"elementor-element elementor-element-2002bf0 elementor-widget elementor-widget-image\" data-id=\"2002bf0\" data-element_type=\"widget\" data-e-type=\"widget\" data-widget_type=\"image.default\">\n\t\t\t\t\t\t\t\t\t\t\t\t\t\t\t<img decoding=\"async\" width=\"1920\" height=\"1080\" src=\"https:\/\/atger.pl\/meble\/wp-content\/uploads\/2026\/02\/img-10.avif\" class=\"attachment-full size-full wp-image-385\" alt=\"\" srcset=\"https:\/\/atger.pl\/meble\/wp-content\/uploads\/2026\/02\/img-10.avif 1920w, https:\/\/atger.pl\/meble\/wp-content\/uploads\/2026\/02\/img-10-300x169.avif 300w, https:\/\/atger.pl\/meble\/wp-content\/uploads\/2026\/02\/img-10-1024x576.avif 1024w, https:\/\/atger.pl\/meble\/wp-content\/uploads\/2026\/02\/img-10-768x432.avif 768w, https:\/\/atger.pl\/meble\/wp-content\/uploads\/2026\/02\/img-10-1536x864.avif 1536w\" sizes=\"(max-width: 1920px) 100vw, 1920px\" \/>\t\t\t\t\t\t\t\t\t\t\t\t\t\t\t<\/div>\n\t\t\t\t<div class=\"elementor-element elementor-element-05f80ca elementor-widget elementor-widget-heading\" data-id=\"05f80ca\" data-element_type=\"widget\" data-e-type=\"widget\" data-widget_type=\"heading.default\">\n\t\t\t\t\t<h2 class=\"elementor-heading-title elementor-size-default\">Apteki i plac\u00f3wki medyczne<\/h2>\t\t\t\t<\/div>\n\t\t\t\t\t<\/div>\n\t\t\t\t<\/a>\n\t\t\t\t<\/div>\n\t\t\t\t<div data-elementor-type=\"loop-item\" data-elementor-id=\"239\" class=\"elementor elementor-239 e-loop-item e-loop-item-377 post-377 page type-page status-publish has-post-thumbnail hentry\" data-elementor-post-type=\"elementor_library\" data-custom-edit-handle=\"1\">\n\t\t\t<a class=\"elementor-element elementor-element-f4ca378 e-flex e-con-boxed e-con e-parent\" data-id=\"f4ca378\" data-element_type=\"container\" data-e-type=\"container\" data-settings=\"{&quot;background_background&quot;:&quot;classic&quot;}\" href=\"https:\/\/atger.pl\/meble\/meble-kontraktowe\/banki-i-instytucje\/\">\n\t\t\t\t\t<div class=\"e-con-inner\">\n\t\t\t\t<div class=\"elementor-element elementor-element-2002bf0 elementor-widget elementor-widget-image\" data-id=\"2002bf0\" data-element_type=\"widget\" data-e-type=\"widget\" data-widget_type=\"image.default\">\n\t\t\t\t\t\t\t\t\t\t\t\t\t\t\t<img loading=\"lazy\" decoding=\"async\" width=\"1920\" height=\"1280\" src=\"https:\/\/atger.pl\/meble\/wp-content\/uploads\/2026\/02\/img-12.avif\" class=\"attachment-full size-full wp-image-379\" alt=\"\" srcset=\"https:\/\/atger.pl\/meble\/wp-content\/uploads\/2026\/02\/img-12.avif 1920w, https:\/\/atger.pl\/meble\/wp-content\/uploads\/2026\/02\/img-12-300x200.avif 300w, https:\/\/atger.pl\/meble\/wp-content\/uploads\/2026\/02\/img-12-1024x683.avif 1024w, https:\/\/atger.pl\/meble\/wp-content\/uploads\/2026\/02\/img-12-768x512.avif 768w, https:\/\/atger.pl\/meble\/wp-content\/uploads\/2026\/02\/img-12-1536x1024.avif 1536w\" sizes=\"(max-width: 1920px) 100vw, 1920px\" \/>\t\t\t\t\t\t\t\t\t\t\t\t\t\t\t<\/div>\n\t\t\t\t<div class=\"elementor-element elementor-element-05f80ca elementor-widget elementor-widget-heading\" data-id=\"05f80ca\" data-element_type=\"widget\" data-e-type=\"widget\" data-widget_type=\"heading.default\">\n\t\t\t\t\t<h2 class=\"elementor-heading-title elementor-size-default\">Banki i instytucje<\/h2>\t\t\t\t<\/div>\n\t\t\t\t\t<\/div>\n\t\t\t\t<\/a>\n\t\t\t\t<\/div>\n\t\t\t\t<\/div>\n\t\t\n\t\t\t\t\t\t<\/div>\n\t\t\t\t<\/div>\n\t\t\t\t<\/div>\n\t\t<div class=\"elementor-element elementor-element-3704891 animated-slow e-con-full e-flex elementor-invisible e-con e-child\" data-id=\"3704891\" data-element_type=\"container\" data-e-type=\"container\" data-settings=\"{&quot;background_background&quot;:&quot;classic&quot;,&quot;animation&quot;:&quot;fadeInUp&quot;,&quot;animation_delay&quot;:300}\">\n\t\t\t\t<\/div>\n\t\t\t\t<\/div>\n\t\t\t\t<\/div>\n\t\t","protected":false},"excerpt":{"rendered":"<p>Meble kontraktowe Busines&amp;&shy;Contract Tworzymy eleganckie i funkcjonalne meble, dopasowane do Twojego wn\u0119trza. Zam\u00f3w wycen\u0119<\/p>\n","protected":false},"author":1,"featured_media":170,"parent":0,"menu_order":0,"comment_status":"closed","ping_status":"closed","template":"elementor_header_footer","meta":{"footnotes":""},"class_list":["post-356","page","type-page","status-publish","has-post-thumbnail","hentry"],"_links":{"self":[{"href":"https:\/\/atger.pl\/meble\/wp-json\/wp\/v2\/pages\/356","targetHints":{"allow":["GET"]}}],"collection":[{"href":"https:\/\/atger.pl\/meble\/wp-json\/wp\/v2\/pages"}],"about":[{"href":"https:\/\/atger.pl\/meble\/wp-json\/wp\/v2\/types\/page"}],"author":[{"embeddable":true,"href":"https:\/\/atger.pl\/meble\/wp-json\/wp\/v2\/users\/1"}],"replies":[{"embeddable":true,"href":"https:\/\/atger.pl\/meble\/wp-json\/wp\/v2\/comments?post=356"}],"version-history":[{"count":19,"href":"https:\/\/atger.pl\/meble\/wp-json\/wp\/v2\/pages\/356\/revisions"}],"predecessor-version":[{"id":662,"href":"https:\/\/atger.pl\/meble\/wp-json\/wp\/v2\/pages\/356\/revisions\/662"}],"wp:featuredmedia":[{"embeddable":true,"href":"https:\/\/atger.pl\/meble\/wp-json\/wp\/v2\/media\/170"}],"wp:attachment":[{"href":"https:\/\/atger.pl\/meble\/wp-json\/wp\/v2\/media?parent=356"}],"curies":[{"name":"wp","href":"https:\/\/api.w.org\/{rel}","templated":true}]}}