{"id":37,"date":"2026-01-19T11:43:43","date_gmt":"2026-01-19T10:43:43","guid":{"rendered":"https:\/\/atger.pl\/meble\/index.php\/home\/"},"modified":"2026-03-25T11:37:32","modified_gmt":"2026-03-25T10:37:32","slug":"strona-glowna","status":"publish","type":"page","link":"https:\/\/atger.pl\/meble\/","title":{"rendered":"Strona g\u0142\u00f3wna"},"content":{"rendered":"\t\t<div data-elementor-type=\"wp-page\" data-elementor-id=\"37\" class=\"elementor elementor-37\" data-elementor-post-type=\"page\">\n\t\t\t\t<div class=\"elementor-element elementor-element-374fa6c8 e-con-full e-flex e-con e-parent\" data-id=\"374fa6c8\" data-element_type=\"container\" data-e-type=\"container\" data-settings=\"{&quot;background_background&quot;:&quot;classic&quot;}\">\n\t\t<div class=\"elementor-element elementor-element-2dacffec e-con-full e-flex e-con e-child\" data-id=\"2dacffec\" data-element_type=\"container\" data-e-type=\"container\">\n\t\t\t\t<div class=\"elementor-element elementor-element-784c2512 elementor-widget__width-initial elementor-absolute elementor-widget elementor-widget-spacer\" data-id=\"784c2512\" data-element_type=\"widget\" data-e-type=\"widget\" data-settings=\"{&quot;_position&quot;:&quot;absolute&quot;,&quot;motion_fx_motion_fx_scrolling&quot;:&quot;yes&quot;,&quot;motion_fx_blur_effect&quot;:&quot;yes&quot;,&quot;motion_fx_blur_level&quot;:{&quot;unit&quot;:&quot;px&quot;,&quot;size&quot;:170,&quot;sizes&quot;:[]},&quot;motion_fx_blur_range&quot;:{&quot;unit&quot;:&quot;%&quot;,&quot;size&quot;:&quot;&quot;,&quot;sizes&quot;:{&quot;start&quot;:100,&quot;end&quot;:100}},&quot;motion_fx_blur_direction&quot;:&quot;out-in&quot;,&quot;motion_fx_devices&quot;:[&quot;desktop&quot;,&quot;tablet&quot;,&quot;mobile&quot;]}\" data-widget_type=\"spacer.default\">\n\t\t\t\t\t\t\t<div class=\"elementor-spacer\">\n\t\t\t<div class=\"elementor-spacer-inner\"><\/div>\n\t\t<\/div>\n\t\t\t\t\t\t<\/div>\n\t\t\t\t<div class=\"elementor-element elementor-element-47384fe9 animated-slow elementor-invisible elementor-widget elementor-widget-heading\" data-id=\"47384fe9\" data-element_type=\"widget\" data-e-type=\"widget\" data-settings=\"{&quot;_animation&quot;:&quot;fadeInLeft&quot;}\" data-widget_type=\"heading.default\">\n\t\t\t\t\t<h1 class=\"elementor-heading-title elementor-size-default\">Profesjonalny zak\u0142ad stolarski z&nbsp;Ma\u0142opolski<\/h1>\t\t\t\t<\/div>\n\t\t\t\t<div class=\"elementor-element elementor-element-36d41c0 elementor-widget elementor-widget-text-editor\" data-id=\"36d41c0\" data-element_type=\"widget\" data-e-type=\"widget\" data-widget_type=\"text-editor.default\">\n\t\t\t\t\t\t\t\t\t<p>Meble na wymiar i kontraktowe dla domu i firm<\/p>\t\t\t\t\t\t\t\t<\/div>\n\t\t\t\t<div class=\"elementor-element elementor-element-915fde1 elementor-mobile-align-justify elementor-widget elementor-widget-button\" data-id=\"915fde1\" data-element_type=\"widget\" data-e-type=\"widget\" data-widget_type=\"button.default\">\n\t\t\t\t\t\t\t\t\t\t<a class=\"elementor-button elementor-button-link elementor-size-sm\" href=\"https:\/\/atger.pl\/meble\/kontakt\/\">\n\t\t\t\t\t\t<span class=\"elementor-button-content-wrapper\">\n\t\t\t\t\t\t\t\t\t<span class=\"elementor-button-text\">Zam\u00f3w wycen\u0119<\/span>\n\t\t\t\t\t<\/span>\n\t\t\t\t\t<\/a>\n\t\t\t\t\t\t\t\t<\/div>\n\t\t\t\t<\/div>\n\t\t<div class=\"elementor-element elementor-element-3704891 animated-slow e-con-full e-flex elementor-invisible e-con e-child\" data-id=\"3704891\" data-element_type=\"container\" data-e-type=\"container\" data-settings=\"{&quot;background_background&quot;:&quot;classic&quot;,&quot;animation&quot;:&quot;fadeInUp&quot;,&quot;animation_delay&quot;:300}\">\n\t\t\t\t<\/div>\n\t\t\t\t<\/div>\n\t\t<div class=\"elementor-element elementor-element-316e3937 e-flex e-con-boxed e-con e-parent\" data-id=\"316e3937\" data-element_type=\"container\" data-e-type=\"container\" id=\"our_story\" data-settings=\"{&quot;background_background&quot;:&quot;classic&quot;}\">\n\t\t\t\t\t<div class=\"e-con-inner\">\n\t\t<div class=\"elementor-element elementor-element-78fa02c0 e-con-full e-flex e-con e-child\" data-id=\"78fa02c0\" data-element_type=\"container\" data-e-type=\"container\">\n\t\t\t\t<div class=\"elementor-element elementor-element-3a5b7963 elementor-absolute elementor-widget elementor-widget-heading\" data-id=\"3a5b7963\" data-element_type=\"widget\" data-e-type=\"widget\" data-settings=\"{&quot;_position&quot;:&quot;absolute&quot;}\" data-widget_type=\"heading.default\">\n\t\t\t\t\t<h2 class=\"elementor-heading-title elementor-size-default\">Strefa domu<\/h2>\t\t\t\t<\/div>\n\t\t\t\t<div class=\"elementor-element elementor-element-1eb86e61 elementor-widget elementor-widget-image\" data-id=\"1eb86e61\" data-element_type=\"widget\" data-e-type=\"widget\" data-widget_type=\"image.default\">\n\t\t\t\t\t\t\t\t\t\t\t\t\t\t\t<img fetchpriority=\"high\" decoding=\"async\" width=\"1919\" height=\"1078\" src=\"https:\/\/atger.pl\/meble\/wp-content\/uploads\/2026\/01\/pexels-hiba-q-omar-106562569-14614667.avif\" class=\"attachment-full size-full wp-image-102\" alt=\"\" srcset=\"https:\/\/atger.pl\/meble\/wp-content\/uploads\/2026\/01\/pexels-hiba-q-omar-106562569-14614667.avif 1919w, https:\/\/atger.pl\/meble\/wp-content\/uploads\/2026\/01\/pexels-hiba-q-omar-106562569-14614667-300x169.avif 300w, https:\/\/atger.pl\/meble\/wp-content\/uploads\/2026\/01\/pexels-hiba-q-omar-106562569-14614667-1024x575.avif 1024w, https:\/\/atger.pl\/meble\/wp-content\/uploads\/2026\/01\/pexels-hiba-q-omar-106562569-14614667-768x431.avif 768w, https:\/\/atger.pl\/meble\/wp-content\/uploads\/2026\/01\/pexels-hiba-q-omar-106562569-14614667-1536x863.avif 1536w\" sizes=\"(max-width: 1919px) 100vw, 1919px\" \/>\t\t\t\t\t\t\t\t\t\t\t\t\t\t\t<\/div>\n\t\t\t\t<div class=\"elementor-element elementor-element-3f82c7e9 elementor-widget elementor-widget-image\" data-id=\"3f82c7e9\" data-element_type=\"widget\" data-e-type=\"widget\" data-widget_type=\"image.default\">\n\t\t\t\t\t\t\t\t\t\t\t\t\t\t\t<img decoding=\"async\" width=\"1919\" height=\"1078\" src=\"https:\/\/atger.pl\/meble\/wp-content\/uploads\/2026\/01\/pexels-hiba-q-omar-106562569-15221141.avif\" class=\"attachment-full size-full wp-image-104\" alt=\"\" srcset=\"https:\/\/atger.pl\/meble\/wp-content\/uploads\/2026\/01\/pexels-hiba-q-omar-106562569-15221141.avif 1919w, https:\/\/atger.pl\/meble\/wp-content\/uploads\/2026\/01\/pexels-hiba-q-omar-106562569-15221141-300x169.avif 300w, https:\/\/atger.pl\/meble\/wp-content\/uploads\/2026\/01\/pexels-hiba-q-omar-106562569-15221141-1024x575.avif 1024w, https:\/\/atger.pl\/meble\/wp-content\/uploads\/2026\/01\/pexels-hiba-q-omar-106562569-15221141-768x431.avif 768w, https:\/\/atger.pl\/meble\/wp-content\/uploads\/2026\/01\/pexels-hiba-q-omar-106562569-15221141-1536x863.avif 1536w\" sizes=\"(max-width: 1919px) 100vw, 1919px\" \/>\t\t\t\t\t\t\t\t\t\t\t\t\t\t\t<\/div>\n\t\t\t\t<\/div>\n\t\t<div class=\"elementor-element elementor-element-2f66a21 e-con-full e-flex e-con e-child\" data-id=\"2f66a21\" data-element_type=\"container\" data-e-type=\"container\">\n\t\t\t\t<div class=\"elementor-element elementor-element-66f2d242 animated-slow elementor-invisible elementor-widget elementor-widget-text-editor\" data-id=\"66f2d242\" data-element_type=\"widget\" data-e-type=\"widget\" data-settings=\"{&quot;_animation&quot;:&quot;fadeIn&quot;,&quot;_animation_delay&quot;:600}\" data-widget_type=\"text-editor.default\">\n\t\t\t\t\t\t\t\t\t<p>Tworzymy wn\u0119trza, kt\u00f3re \u0142\u0105cz\u0105 funkcjonalno\u015b\u0107 z elegancj\u0105. W naszej ofercie znajdziesz meble i dodatki, kt\u00f3re sprawi\u0105, \u017ce Tw\u00f3j dom stanie si\u0119 prawdziw\u0105 oaz\u0105 komfortu i stylu.<\/p>\t\t\t\t\t\t\t\t<\/div>\n\t\t<div class=\"elementor-element elementor-element-8b934ab e-con-full e-flex e-con e-child\" data-id=\"8b934ab\" data-element_type=\"container\" data-e-type=\"container\">\n\t\t\t\t<div class=\"elementor-element elementor-element-a66f1f5 elementor-align-justify elementor-widget elementor-widget-button\" data-id=\"a66f1f5\" data-element_type=\"widget\" data-e-type=\"widget\" data-widget_type=\"button.default\">\n\t\t\t\t\t\t\t\t\t\t<a class=\"elementor-button elementor-button-link elementor-size-sm\" href=\"https:\/\/atger.pl\/meble\/kontakt\/\">\n\t\t\t\t\t\t<span class=\"elementor-button-content-wrapper\">\n\t\t\t\t\t\t\t\t\t<span class=\"elementor-button-text\">Zam\u00f3w wycen\u0119<\/span>\n\t\t\t\t\t<\/span>\n\t\t\t\t\t<\/a>\n\t\t\t\t\t\t\t\t<\/div>\n\t\t\t\t<div class=\"elementor-element elementor-element-8dd4bf8 elementor-align-justify elementor-widget elementor-widget-button\" data-id=\"8dd4bf8\" data-element_type=\"widget\" data-e-type=\"widget\" data-widget_type=\"button.default\">\n\t\t\t\t\t\t\t\t\t\t<a class=\"elementor-button elementor-button-link elementor-size-sm\" href=\"https:\/\/atger.pl\/meble\/realizacje\/\">\n\t\t\t\t\t\t<span class=\"elementor-button-content-wrapper\">\n\t\t\t\t\t\t\t\t\t<span class=\"elementor-button-text\">Zainspiruj si\u0119 projektami<\/span>\n\t\t\t\t\t<\/span>\n\t\t\t\t\t<\/a>\n\t\t\t\t\t\t\t\t<\/div>\n\t\t\t\t<\/div>\n\t\t\t\t<\/div>\n\t\t\t\t\t<\/div>\n\t\t\t\t<\/div>\n\t\t<div class=\"elementor-element elementor-element-89605e6 e-flex e-con-boxed e-con e-parent\" data-id=\"89605e6\" data-element_type=\"container\" data-e-type=\"container\">\n\t\t\t\t\t<div class=\"e-con-inner\">\n\t\t<div class=\"elementor-element elementor-element-2bad2a6 e-con-full e-flex e-con e-child\" data-id=\"2bad2a6\" data-element_type=\"container\" data-e-type=\"container\">\n\t\t\t\t<div class=\"elementor-element elementor-element-d0711f2 animated-slow elementor-invisible elementor-widget elementor-widget-text-editor\" data-id=\"d0711f2\" data-element_type=\"widget\" data-e-type=\"widget\" data-settings=\"{&quot;_animation&quot;:&quot;fadeIn&quot;,&quot;_animation_delay&quot;:600}\" data-widget_type=\"text-editor.default\">\n\t\t\t\t\t\t\t\t\t<p>Projektujemy i dostarczamy meble dla firm i instytucji \u2013 od biur po hotele. Nasze rozwi\u0105zania \u0142\u0105cz\u0105 trwa\u0142o\u015b\u0107, estetyk\u0119 i wygod\u0119 u\u017cytkowania, spe\u0142niaj\u0105c najwy\u017csze standardy jako\u015bci.<\/p>\t\t\t\t\t\t\t\t<\/div>\n\t\t<div class=\"elementor-element elementor-element-ea33a7a e-con-full e-flex e-con e-child\" data-id=\"ea33a7a\" data-element_type=\"container\" data-e-type=\"container\">\n\t\t\t\t<div class=\"elementor-element elementor-element-1becddc elementor-align-justify elementor-widget elementor-widget-button\" data-id=\"1becddc\" data-element_type=\"widget\" data-e-type=\"widget\" data-widget_type=\"button.default\">\n\t\t\t\t\t\t\t\t\t\t<a class=\"elementor-button elementor-button-link elementor-size-sm\" href=\"https:\/\/atger.pl\/meble\/kontakt\/\">\n\t\t\t\t\t\t<span class=\"elementor-button-content-wrapper\">\n\t\t\t\t\t\t\t\t\t<span class=\"elementor-button-text\">Oferta B2B<\/span>\n\t\t\t\t\t<\/span>\n\t\t\t\t\t<\/a>\n\t\t\t\t\t\t\t\t<\/div>\n\t\t\t\t<div class=\"elementor-element elementor-element-b9dc80e elementor-align-justify elementor-widget elementor-widget-button\" data-id=\"b9dc80e\" data-element_type=\"widget\" data-e-type=\"widget\" data-widget_type=\"button.default\">\n\t\t\t\t\t\t\t\t\t\t<a class=\"elementor-button elementor-button-link elementor-size-sm\" href=\"https:\/\/atger.pl\/meble\/realizacje\/\">\n\t\t\t\t\t\t<span class=\"elementor-button-content-wrapper\">\n\t\t\t\t\t\t\t\t\t<span class=\"elementor-button-text\">Zainspiruj si\u0119 projektami<\/span>\n\t\t\t\t\t<\/span>\n\t\t\t\t\t<\/a>\n\t\t\t\t\t\t\t\t<\/div>\n\t\t\t\t<\/div>\n\t\t\t\t<\/div>\n\t\t<div class=\"elementor-element elementor-element-3fae576 e-con-full e-flex e-con e-child\" data-id=\"3fae576\" data-element_type=\"container\" data-e-type=\"container\">\n\t\t\t\t<div class=\"elementor-element elementor-element-3b3c791 elementor-absolute elementor-widget elementor-widget-heading\" data-id=\"3b3c791\" data-element_type=\"widget\" data-e-type=\"widget\" data-settings=\"{&quot;_position&quot;:&quot;absolute&quot;}\" data-widget_type=\"heading.default\">\n\t\t\t\t\t<h2 class=\"elementor-heading-title elementor-size-default\">Meble kontraktowe<\/h2>\t\t\t\t<\/div>\n\t\t\t\t<div class=\"elementor-element elementor-element-77ac22e elementor-widget elementor-widget-image\" data-id=\"77ac22e\" data-element_type=\"widget\" data-e-type=\"widget\" data-widget_type=\"image.default\">\n\t\t\t\t\t\t\t\t\t\t\t\t\t\t\t<img decoding=\"async\" width=\"1919\" height=\"1281\" src=\"https:\/\/atger.pl\/meble\/wp-content\/uploads\/2026\/01\/img-03.avif\" class=\"attachment-full size-full wp-image-170\" alt=\"\" srcset=\"https:\/\/atger.pl\/meble\/wp-content\/uploads\/2026\/01\/img-03.avif 1919w, https:\/\/atger.pl\/meble\/wp-content\/uploads\/2026\/01\/img-03-300x200.avif 300w, https:\/\/atger.pl\/meble\/wp-content\/uploads\/2026\/01\/img-03-1024x684.avif 1024w, https:\/\/atger.pl\/meble\/wp-content\/uploads\/2026\/01\/img-03-768x513.avif 768w, https:\/\/atger.pl\/meble\/wp-content\/uploads\/2026\/01\/img-03-1536x1025.avif 1536w\" sizes=\"(max-width: 1919px) 100vw, 1919px\" \/>\t\t\t\t\t\t\t\t\t\t\t\t\t\t\t<\/div>\n\t\t\t\t<div class=\"elementor-element elementor-element-6811764 elementor-widget elementor-widget-image\" data-id=\"6811764\" data-element_type=\"widget\" data-e-type=\"widget\" data-widget_type=\"image.default\">\n\t\t\t\t\t\t\t\t\t\t\t\t\t\t\t<img loading=\"lazy\" decoding=\"async\" width=\"1920\" height=\"1282\" src=\"https:\/\/atger.pl\/meble\/wp-content\/uploads\/2026\/01\/img-02.avif\" class=\"attachment-full size-full wp-image-171\" alt=\"\" srcset=\"https:\/\/atger.pl\/meble\/wp-content\/uploads\/2026\/01\/img-02.avif 1920w, https:\/\/atger.pl\/meble\/wp-content\/uploads\/2026\/01\/img-02-300x200.avif 300w, https:\/\/atger.pl\/meble\/wp-content\/uploads\/2026\/01\/img-02-1024x684.avif 1024w, https:\/\/atger.pl\/meble\/wp-content\/uploads\/2026\/01\/img-02-768x513.avif 768w, https:\/\/atger.pl\/meble\/wp-content\/uploads\/2026\/01\/img-02-1536x1026.avif 1536w\" sizes=\"(max-width: 1920px) 100vw, 1920px\" \/>\t\t\t\t\t\t\t\t\t\t\t\t\t\t\t<\/div>\n\t\t\t\t<\/div>\n\t\t\t\t\t<\/div>\n\t\t\t\t<\/div>\n\t\t<div class=\"elementor-element elementor-element-7857fe9d e-con-full e-flex e-con e-parent\" data-id=\"7857fe9d\" data-element_type=\"container\" data-e-type=\"container\" id=\"whats_included\" data-settings=\"{&quot;background_background&quot;:&quot;classic&quot;}\">\n\t\t<div class=\"elementor-element elementor-element-6f126a48 e-flex e-con-boxed e-con e-child\" data-id=\"6f126a48\" data-element_type=\"container\" data-e-type=\"container\" id=\"shop\">\n\t\t\t\t\t<div class=\"e-con-inner\">\n\t\t\t\t<div class=\"elementor-element elementor-element-3f52a99e elementor-widget elementor-widget-heading\" data-id=\"3f52a99e\" data-element_type=\"widget\" data-e-type=\"widget\" data-widget_type=\"heading.default\">\n\t\t\t\t\t<h2 class=\"elementor-heading-title elementor-size-default\">Realizacje<\/h2>\t\t\t\t<\/div>\n\t\t<div class=\"elementor-element elementor-element-87e14c6 e-con-full e-flex e-con e-child\" data-id=\"87e14c6\" data-element_type=\"container\" data-e-type=\"container\">\n\t\t\t\t<div class=\"elementor-element elementor-element-4f349e2 elementor-align-center elementor-mobile-align-justify elementor-widget elementor-widget-button\" data-id=\"4f349e2\" data-element_type=\"widget\" data-e-type=\"widget\" data-widget_type=\"button.default\">\n\t\t\t\t\t\t\t\t\t\t<a class=\"elementor-button elementor-button-link elementor-size-sm\" href=\"https:\/\/atger.pl\/meble\/realizacje\/\">\n\t\t\t\t\t\t<span class=\"elementor-button-content-wrapper\">\n\t\t\t\t\t\t\t\t\t<span class=\"elementor-button-text\">Strefa domu<\/span>\n\t\t\t\t\t<\/span>\n\t\t\t\t\t<\/a>\n\t\t\t\t\t\t\t\t<\/div>\n\t\t\t\t<div class=\"elementor-element elementor-element-22732b2 elementor-align-center elementor-mobile-align-justify elementor-widget elementor-widget-button\" data-id=\"22732b2\" data-element_type=\"widget\" data-e-type=\"widget\" data-widget_type=\"button.default\">\n\t\t\t\t\t\t\t\t\t\t<a class=\"elementor-button elementor-button-link elementor-size-sm\" href=\"https:\/\/atger.pl\/meble\/realizacje\/\">\n\t\t\t\t\t\t<span class=\"elementor-button-content-wrapper\">\n\t\t\t\t\t\t\t\t\t<span class=\"elementor-button-text\">Meble kontraktowe<\/span>\n\t\t\t\t\t<\/span>\n\t\t\t\t\t<\/a>\n\t\t\t\t\t\t\t\t<\/div>\n\t\t\t\t<\/div>\n\t\t\t\t<div class=\"elementor-element elementor-element-6202a06 elementor-widget elementor-widget-image\" data-id=\"6202a06\" data-element_type=\"widget\" data-e-type=\"widget\" data-widget_type=\"image.default\">\n\t\t\t\t\t\t\t\t\t\t\t\t\t\t\t<img loading=\"lazy\" decoding=\"async\" width=\"1920\" height=\"1280\" src=\"https:\/\/atger.pl\/meble\/wp-content\/uploads\/2026\/01\/pexels-s3t-koncepts-1636465088-28853347.avif\" class=\"attachment-full size-full wp-image-105\" alt=\"\" srcset=\"https:\/\/atger.pl\/meble\/wp-content\/uploads\/2026\/01\/pexels-s3t-koncepts-1636465088-28853347.avif 1920w, https:\/\/atger.pl\/meble\/wp-content\/uploads\/2026\/01\/pexels-s3t-koncepts-1636465088-28853347-300x200.avif 300w, https:\/\/atger.pl\/meble\/wp-content\/uploads\/2026\/01\/pexels-s3t-koncepts-1636465088-28853347-1024x683.avif 1024w, https:\/\/atger.pl\/meble\/wp-content\/uploads\/2026\/01\/pexels-s3t-koncepts-1636465088-28853347-768x512.avif 768w, https:\/\/atger.pl\/meble\/wp-content\/uploads\/2026\/01\/pexels-s3t-koncepts-1636465088-28853347-1536x1024.avif 1536w\" sizes=\"(max-width: 1920px) 100vw, 1920px\" \/>\t\t\t\t\t\t\t\t\t\t\t\t\t\t\t<\/div>\n\t\t\t\t\t<\/div>\n\t\t\t\t<\/div>\n\t\t\t\t<div class=\"elementor-element elementor-element-4d2bcb52 elementor-widget__width-initial elementor-absolute elementor-widget elementor-widget-spacer\" data-id=\"4d2bcb52\" data-element_type=\"widget\" data-e-type=\"widget\" data-settings=\"{&quot;_position&quot;:&quot;absolute&quot;,&quot;motion_fx_motion_fx_scrolling&quot;:&quot;yes&quot;,&quot;motion_fx_blur_effect&quot;:&quot;yes&quot;,&quot;motion_fx_blur_level&quot;:{&quot;unit&quot;:&quot;px&quot;,&quot;size&quot;:170,&quot;sizes&quot;:[]},&quot;motion_fx_blur_range&quot;:{&quot;unit&quot;:&quot;%&quot;,&quot;size&quot;:&quot;&quot;,&quot;sizes&quot;:{&quot;start&quot;:100,&quot;end&quot;:100}},&quot;motion_fx_blur_direction&quot;:&quot;out-in&quot;,&quot;motion_fx_devices&quot;:[&quot;desktop&quot;,&quot;tablet&quot;,&quot;mobile&quot;]}\" data-widget_type=\"spacer.default\">\n\t\t\t\t\t\t\t<div class=\"elementor-spacer\">\n\t\t\t<div class=\"elementor-spacer-inner\"><\/div>\n\t\t<\/div>\n\t\t\t\t\t\t<\/div>\n\t\t\t\t<\/div>\n\t\t<div class=\"elementor-element elementor-element-d1796bc e-flex e-con-boxed e-con e-parent\" data-id=\"d1796bc\" data-element_type=\"container\" data-e-type=\"container\">\n\t\t\t\t\t<div class=\"e-con-inner\">\n\t\t\t\t<div class=\"elementor-element elementor-element-2e0c45d elementor-widget elementor-widget-template\" data-id=\"2e0c45d\" data-element_type=\"widget\" data-e-type=\"widget\" data-widget_type=\"template.default\">\n\t\t\t\t<div class=\"elementor-widget-container\">\n\t\t\t\t\t\t\t<div class=\"elementor-template\">\n\t\t\t\t\t<div data-elementor-type=\"section\" data-elementor-id=\"204\" class=\"elementor elementor-204\" data-elementor-post-type=\"elementor_library\">\n\t\t\t<div class=\"elementor-element elementor-element-07da495 e-flex e-con-boxed e-con e-parent\" data-id=\"07da495\" data-element_type=\"container\" data-e-type=\"container\">\n\t\t\t\t\t<div class=\"e-con-inner\">\n\t\t<div class=\"elementor-element elementor-element-52e8123 e-con-full e-flex e-con e-child\" data-id=\"52e8123\" data-element_type=\"container\" data-e-type=\"container\">\n\t\t\t\t<div class=\"elementor-element elementor-element-d2a7493 elementor-widget elementor-widget-heading\" data-id=\"d2a7493\" data-element_type=\"widget\" data-e-type=\"widget\" data-widget_type=\"heading.default\">\n\t\t\t\t\t<h2 class=\"elementor-heading-title elementor-size-default\">O firmie<\/h2>\t\t\t\t<\/div>\n\t\t\t\t<div class=\"elementor-element elementor-element-fe784b0 elementor-widget elementor-widget-text-editor\" data-id=\"fe784b0\" data-element_type=\"widget\" data-e-type=\"widget\" data-widget_type=\"text-editor.default\">\n\t\t\t\t\t\t\t\t\t<p><strong>Atger to firma powsta\u0142a z pasji do solidnego rzemios\u0142a i nowoczesnego designu.<\/strong> Od pocz\u0105tku swojej dzia\u0142alno\u015bci koncentruje si\u0119 na tworzeniu funkcjonalnych i estetycznych rozwi\u0105za\u0144, dopasowanych do indywidualnych potrzeb klient\u00f3w.<\/p>\t\t\t\t\t\t\t\t<\/div>\n\t\t\t\t<div class=\"elementor-element elementor-element-13824e3 elementor-tablet-align-center elementor-mobile-align-justify elementor-widget elementor-widget-button\" data-id=\"13824e3\" data-element_type=\"widget\" data-e-type=\"widget\" data-widget_type=\"button.default\">\n\t\t\t\t\t\t\t\t\t\t<a class=\"elementor-button elementor-button-link elementor-size-sm\" href=\"https:\/\/atger.pl\/meble\/o-firmie\/\">\n\t\t\t\t\t\t<span class=\"elementor-button-content-wrapper\">\n\t\t\t\t\t\t\t\t\t<span class=\"elementor-button-text\">Czytaj wi\u0119cej<\/span>\n\t\t\t\t\t<\/span>\n\t\t\t\t\t<\/a>\n\t\t\t\t\t\t\t\t<\/div>\n\t\t\t\t<\/div>\n\t\t<div class=\"elementor-element elementor-element-4605df6 e-con-full e-flex e-con e-child\" data-id=\"4605df6\" data-element_type=\"container\" data-e-type=\"container\">\n\t\t\t\t<div class=\"elementor-element elementor-element-159dea5 elementor-widget elementor-widget-image\" data-id=\"159dea5\" data-element_type=\"widget\" data-e-type=\"widget\" data-settings=\"{&quot;motion_fx_motion_fx_scrolling&quot;:&quot;yes&quot;,&quot;motion_fx_translateY_effect&quot;:&quot;yes&quot;,&quot;motion_fx_translateY_speed&quot;:{&quot;unit&quot;:&quot;px&quot;,&quot;size&quot;:8.5,&quot;sizes&quot;:[]},&quot;motion_fx_opacity_effect&quot;:&quot;yes&quot;,&quot;motion_fx_opacity_range&quot;:{&quot;unit&quot;:&quot;%&quot;,&quot;size&quot;:&quot;&quot;,&quot;sizes&quot;:{&quot;start&quot;:21,&quot;end&quot;:61}},&quot;motion_fx_devices&quot;:[&quot;desktop&quot;],&quot;motion_fx_translateY_affectedRange&quot;:{&quot;unit&quot;:&quot;%&quot;,&quot;size&quot;:&quot;&quot;,&quot;sizes&quot;:{&quot;start&quot;:0,&quot;end&quot;:100}},&quot;motion_fx_opacity_direction&quot;:&quot;out-in&quot;,&quot;motion_fx_opacity_level&quot;:{&quot;unit&quot;:&quot;px&quot;,&quot;size&quot;:10,&quot;sizes&quot;:[]}}\" data-widget_type=\"image.default\">\n\t\t\t\t\t\t\t\t\t\t\t\t\t\t\t<img loading=\"lazy\" decoding=\"async\" width=\"1920\" height=\"1080\" src=\"https:\/\/atger.pl\/meble\/wp-content\/uploads\/2026\/01\/pexels-salmansaqib-28456458.avif\" class=\"attachment-full size-full wp-image-106\" alt=\"\" srcset=\"https:\/\/atger.pl\/meble\/wp-content\/uploads\/2026\/01\/pexels-salmansaqib-28456458.avif 1920w, https:\/\/atger.pl\/meble\/wp-content\/uploads\/2026\/01\/pexels-salmansaqib-28456458-300x169.avif 300w, https:\/\/atger.pl\/meble\/wp-content\/uploads\/2026\/01\/pexels-salmansaqib-28456458-1024x576.avif 1024w, https:\/\/atger.pl\/meble\/wp-content\/uploads\/2026\/01\/pexels-salmansaqib-28456458-768x432.avif 768w, https:\/\/atger.pl\/meble\/wp-content\/uploads\/2026\/01\/pexels-salmansaqib-28456458-1536x864.avif 1536w\" sizes=\"(max-width: 1920px) 100vw, 1920px\" \/>\t\t\t\t\t\t\t\t\t\t\t\t\t\t\t<\/div>\n\t\t\t\t<div class=\"elementor-element elementor-element-8ff8838 elementor-widget elementor-widget-image\" data-id=\"8ff8838\" data-element_type=\"widget\" data-e-type=\"widget\" data-settings=\"{&quot;motion_fx_motion_fx_scrolling&quot;:&quot;yes&quot;,&quot;motion_fx_translateX_effect&quot;:&quot;yes&quot;,&quot;motion_fx_translateX_direction&quot;:&quot;negative&quot;,&quot;motion_fx_translateX_speed&quot;:{&quot;unit&quot;:&quot;px&quot;,&quot;size&quot;:10,&quot;sizes&quot;:[]},&quot;motion_fx_opacity_effect&quot;:&quot;yes&quot;,&quot;motion_fx_opacity_range&quot;:{&quot;unit&quot;:&quot;%&quot;,&quot;size&quot;:&quot;&quot;,&quot;sizes&quot;:{&quot;start&quot;:24,&quot;end&quot;:49}},&quot;motion_fx_devices&quot;:[&quot;desktop&quot;],&quot;motion_fx_translateX_affectedRange&quot;:{&quot;unit&quot;:&quot;%&quot;,&quot;size&quot;:&quot;&quot;,&quot;sizes&quot;:{&quot;start&quot;:0,&quot;end&quot;:100}},&quot;motion_fx_opacity_direction&quot;:&quot;out-in&quot;,&quot;motion_fx_opacity_level&quot;:{&quot;unit&quot;:&quot;px&quot;,&quot;size&quot;:10,&quot;sizes&quot;:[]}}\" data-widget_type=\"image.default\">\n\t\t\t\t\t\t\t\t\t\t\t\t\t\t\t<img loading=\"lazy\" decoding=\"async\" width=\"1920\" height=\"1080\" src=\"https:\/\/atger.pl\/meble\/wp-content\/uploads\/2026\/01\/pexels-wiki15-canton-598594475-28681032.avif\" class=\"attachment-full size-full wp-image-101\" alt=\"\" srcset=\"https:\/\/atger.pl\/meble\/wp-content\/uploads\/2026\/01\/pexels-wiki15-canton-598594475-28681032.avif 1920w, https:\/\/atger.pl\/meble\/wp-content\/uploads\/2026\/01\/pexels-wiki15-canton-598594475-28681032-300x169.avif 300w, https:\/\/atger.pl\/meble\/wp-content\/uploads\/2026\/01\/pexels-wiki15-canton-598594475-28681032-1024x576.avif 1024w, https:\/\/atger.pl\/meble\/wp-content\/uploads\/2026\/01\/pexels-wiki15-canton-598594475-28681032-768x432.avif 768w, https:\/\/atger.pl\/meble\/wp-content\/uploads\/2026\/01\/pexels-wiki15-canton-598594475-28681032-1536x864.avif 1536w\" sizes=\"(max-width: 1920px) 100vw, 1920px\" \/>\t\t\t\t\t\t\t\t\t\t\t\t\t\t\t<\/div>\n\t\t\t\t<\/div>\n\t\t\t\t\t<\/div>\n\t\t\t\t<\/div>\n\t\t\t\t<\/div>\n\t\t\t\t<\/div>\n\t\t\t\t\t\t<\/div>\n\t\t\t\t<\/div>\n\t\t\t\t\t<\/div>\n\t\t\t\t<\/div>\n\t\t\t\t<\/div>\n\t\t","protected":false},"excerpt":{"rendered":"<p>Profesjonalny zak\u0142ad stolarski z&nbsp;Ma\u0142opolski Meble na wymiar i kontraktowe dla domu i firm Zam\u00f3w wycen\u0119 Strefa domu Tworzymy wn\u0119trza, kt\u00f3re \u0142\u0105cz\u0105 funkcjonalno\u015b\u0107 z elegancj\u0105. W naszej ofercie znajdziesz meble i dodatki, kt\u00f3re sprawi\u0105, \u017ce Tw\u00f3j dom stanie si\u0119 prawdziw\u0105 oaz\u0105 komfortu i stylu. Zam\u00f3w wycen\u0119 Zainspiruj si\u0119 projektami Projektujemy i dostarczamy meble dla firm i [&hellip;]<\/p>\n","protected":false},"author":1,"featured_media":0,"parent":0,"menu_order":0,"comment_status":"closed","ping_status":"closed","template":"elementor_header_footer","meta":{"footnotes":""},"class_list":["post-37","page","type-page","status-publish","hentry"],"_links":{"self":[{"href":"https:\/\/atger.pl\/meble\/wp-json\/wp\/v2\/pages\/37","targetHints":{"allow":["GET"]}}],"collection":[{"href":"https:\/\/atger.pl\/meble\/wp-json\/wp\/v2\/pages"}],"about":[{"href":"https:\/\/atger.pl\/meble\/wp-json\/wp\/v2\/types\/page"}],"author":[{"embeddable":true,"href":"https:\/\/atger.pl\/meble\/wp-json\/wp\/v2\/users\/1"}],"replies":[{"embeddable":true,"href":"https:\/\/atger.pl\/meble\/wp-json\/wp\/v2\/comments?post=37"}],"version-history":[{"count":140,"href":"https:\/\/atger.pl\/meble\/wp-json\/wp\/v2\/pages\/37\/revisions"}],"predecessor-version":[{"id":745,"href":"https:\/\/atger.pl\/meble\/wp-json\/wp\/v2\/pages\/37\/revisions\/745"}],"wp:attachment":[{"href":"https:\/\/atger.pl\/meble\/wp-json\/wp\/v2\/media?parent=37"}],"curies":[{"name":"wp","href":"https:\/\/api.w.org\/{rel}","templated":true}]}}